{"id":865,"date":"2025-05-10T20:24:56","date_gmt":"2025-05-10T20:24:56","guid":{"rendered":"https:\/\/ggycia.cl\/?page_id=865"},"modified":"2025-10-08T20:56:09","modified_gmt":"2025-10-08T20:56:09","slug":"gallegos-gaston","status":"publish","type":"page","link":"https:\/\/ggycia.cl\/en\/gallegos-gaston\/","title":{"rendered":"Gallegos, Gast\u00f3n\u200b"},"content":{"rendered":"<div data-elementor-type=\"wp-page\" data-elementor-id=\"865\" class=\"elementor elementor-865\">\n\t\t\t\t<div class=\"elementor-element elementor-element-102d79b e-flex e-con-boxed e-con e-parent\" data-id=\"102d79b\" data-element_type=\"container\">\n\t\t\t\t\t<div class=\"e-con-inner\">\n\t\t\t\t\t<\/div>\n\t\t\t\t<\/div>\n\t\t<div class=\"elementor-element elementor-element-12d78d6 e-flex e-con-boxed e-con e-parent\" data-id=\"12d78d6\" data-element_type=\"container\">\n\t\t\t\t\t<div class=\"e-con-inner\">\n\t\t<div class=\"elementor-element elementor-element-f9f4e51 e-con-full e-flex e-con e-child\" data-id=\"f9f4e51\" data-element_type=\"container\">\n\t\t\t\t<div class=\"elementor-element elementor-element-1930b3e elementor-widget elementor-widget-image\" data-id=\"1930b3e\" data-element_type=\"widget\" data-widget_type=\"image.default\">\n\t\t\t\t<div class=\"elementor-widget-container\">\n\t\t\t\t\t\t\t\t\t\t\t\t\t\t\t<img fetchpriority=\"high\" decoding=\"async\" width=\"966\" height=\"1372\" src=\"https:\/\/ggycia.cl\/wp-content\/uploads\/2025\/05\/Gallegos_Gaston-1.jpg\" class=\"attachment-full size-full wp-image-836\" alt=\"Gallegos Gaston, tax leal\" srcset=\"https:\/\/ggycia.cl\/wp-content\/uploads\/2025\/05\/Gallegos_Gaston-1.jpg 966w, https:\/\/ggycia.cl\/wp-content\/uploads\/2025\/05\/Gallegos_Gaston-1-211x300.jpg 211w, https:\/\/ggycia.cl\/wp-content\/uploads\/2025\/05\/Gallegos_Gaston-1-721x1024.jpg 721w, https:\/\/ggycia.cl\/wp-content\/uploads\/2025\/05\/Gallegos_Gaston-1-768x1091.jpg 768w\" sizes=\"(max-width: 966px) 100vw, 966px\" \/>\t\t\t\t\t\t\t\t\t\t\t\t\t\t\t<\/div>\n\t\t\t\t<\/div>\n\t\t\t\t<\/div>\n\t\t<div class=\"elementor-element elementor-element-3f2eb9b e-con-full e-flex e-con e-child\" data-id=\"3f2eb9b\" data-element_type=\"container\">\n\t\t\t\t<div class=\"elementor-element elementor-element-3124e25 elementor-widget elementor-widget-heading\" data-id=\"3124e25\" data-element_type=\"widget\" data-widget_type=\"heading.default\">\n\t\t\t\t<div class=\"elementor-widget-container\">\n\t\t\t\t\t<h2 class=\"elementor-heading-title elementor-size-default\">Gallegos, Gast\u00f3n<\/h2>\t\t\t\t<\/div>\n\t\t\t\t<\/div>\n\t\t\t\t<div class=\"elementor-element elementor-element-019762b elementor-widget elementor-widget-text-editor\" data-id=\"019762b\" data-element_type=\"widget\" data-widget_type=\"text-editor.default\">\n\t\t\t\t<div class=\"elementor-widget-container\">\n\t\t\t\t\t\t\t\t\t<p>Gast\u00f3n Gallegos is a founding partner of GGYCIA and has more than 15 years of experience advising high-net-worth individuals and companies, both local and foreign, on all types of tax matters. His practice focuses on tax planning and advisory on local taxes, international taxation, foreign investment, reorganizations, and defense before administrative and judicial authorities, among others.<\/p><p><strong>Practice Areas<\/strong><\/p><ul><li>Tax Law<\/li><li>Corporate Law<\/li><\/ul><p><strong>Professional Experience<\/strong><\/p><ul><li>Associate, Tax Department, Carey y C\u00eda (2021)<\/li><li>Senior Associate, Tax Department, CMS Carey &amp; Allende (2018)<\/li><li>Associate, Tax Department, Barros &amp; Err\u00e1zuriz (2015)<\/li><li>Associate, Tax Department, Baker &amp; McKenzie (2012)<\/li><\/ul><p><strong>Education<\/strong><\/p><ul><li>Attorney, Pontificia Universidad Cat\u00f3lica de Chile (2010)<\/li><li>Master\u2019s in Tax Management and Administration, Universidad Adolfo Ib\u00e1\u00f1ez (2013)<\/li><\/ul><p><strong>Academic Experience<\/strong><\/p><ul><li>Professor of Tax Law, Universidad Adolfo Ib\u00e1\u00f1ez (2017\u2013present)<\/li><li>Lectures on Taxation and Entrepreneurship at Las Condes and Providencia Municipalities (2019\u20132020)<\/li><li>Seminars on Agricultural Taxation at SNA and OGANA (2019)<\/li><li>Lectures on Taxation and Technological Innovation at various universities (2019)<\/li><li>Lectures on Tax Reform (2022)<\/li><\/ul><p><strong>Languages<\/strong><\/p><ul><li>Spanish and English<\/li><\/ul><p><strong>Memberships<\/strong><\/p><ul><li>Member, Chilean Bar Association<\/li><li>Member, Chilean Institute of Tax Law<\/li><\/ul><p><strong>Recognitions<\/strong><\/p><ul><li>Leading Lawyers (2016)<\/li><li>Legal 500 (2018)<\/li><\/ul><p><!-- \/wp:paragraph --><\/p>\t\t\t\t\t\t\t\t<\/div>\n\t\t\t\t<\/div>\n\t\t\t\t<\/div>\n\t\t\t\t\t<\/div>\n\t\t\t\t<\/div>\n\t\t<div class=\"elementor-element elementor-element-f8a5575 e-flex e-con-boxed e-con e-parent\" data-id=\"f8a5575\" data-element_type=\"container\">\n\t\t\t\t\t<div class=\"e-con-inner\">\n\t\t\t\t\t<\/div>\n\t\t\t\t<\/div>\n\t\t\t\t<\/div>","protected":false},"excerpt":{"rendered":"<p>Gallegos, Gast\u00f3n Es socio fundador de GGYCIA y posee m\u00e1s de 15 a\u00f1os de experiencia asesorando a grandes patrimonios y empresas, locales y extranjeras, en asuntos tributarios de toda \u00edndole. Centra su pr\u00e1ctica en planificaci\u00f3n y asesor\u00eda tributaria en impuestos locales, tributaci\u00f3n internacional, inversi\u00f3n extranjera, reorganizaciones y defensa ante autoridades administrativas y judiciales, entre otros. [&hellip;]<\/p>","protected":false},"author":1,"featured_media":0,"parent":0,"menu_order":0,"comment_status":"closed","ping_status":"closed","template":"elementor_header_footer","meta":{"footnotes":""},"class_list":["post-865","page","type-page","status-publish","hentry"],"yoast_head":"<!-- This site is optimized with the Yoast SEO Premium plugin v25.8 (Yoast SEO v26.5) - https:\/\/yoast.com\/wordpress\/plugins\/seo\/ -->\n<title>Gast\u00f3n Gallegos<\/title>\n<meta name=\"description\" content=\"Socio fundador de Gallegoy Cia. Alto nivel de experiencia en asuntos tributarios a grandes patrimonios y empresas locales y extranjeras\" \/>\n<meta name=\"robots\" content=\"index, follow, max-snippet:-1, max-image-preview:large, max-video-preview:-1\" \/>\n<link rel=\"canonical\" href=\"https:\/\/ggycia.cl\/en\/gallegos-gaston\/\" \/>\n<meta property=\"og:locale\" content=\"en_US\" \/>\n<meta property=\"og:type\" content=\"article\" \/>\n<meta property=\"og:title\" content=\"Gallegos, Gast\u00f3n\u200b\" \/>\n<meta property=\"og:description\" content=\"Socio fundador de Gallegoy Cia. Alto nivel de experiencia en asuntos tributarios a grandes patrimonios y empresas locales y extranjeras\" \/>\n<meta property=\"og:url\" content=\"https:\/\/ggycia.cl\/en\/gallegos-gaston\/\" \/>\n<meta property=\"article:modified_time\" content=\"2025-10-08T20:56:09+00:00\" \/>\n<meta property=\"og:image\" content=\"https:\/\/ggycia.cl\/wp-content\/uploads\/2025\/05\/Gallegos_Gaston-1.jpg\" \/>\n\t<meta property=\"og:image:width\" content=\"966\" \/>\n\t<meta property=\"og:image:height\" content=\"1372\" \/>\n\t<meta property=\"og:image:type\" content=\"image\/jpeg\" \/>\n<meta name=\"twitter:card\" content=\"summary_large_image\" \/>\n<meta name=\"twitter:label1\" content=\"Est. reading time\" \/>\n\t<meta name=\"twitter:data1\" content=\"2 minutes\" \/>\n<script type=\"application\/ld+json\" class=\"yoast-schema-graph\">{\"@context\":\"https:\/\/schema.org\",\"@graph\":[{\"@type\":\"WebPage\",\"@id\":\"https:\/\/ggycia.cl\/gallegos-gaston\/\",\"url\":\"https:\/\/ggycia.cl\/gallegos-gaston\/\",\"name\":\"Gast\u00f3n Gallegos\",\"isPartOf\":{\"@id\":\"https:\/\/ggycia.cl\/#website\"},\"primaryImageOfPage\":{\"@id\":\"https:\/\/ggycia.cl\/gallegos-gaston\/#primaryimage\"},\"image\":{\"@id\":\"https:\/\/ggycia.cl\/gallegos-gaston\/#primaryimage\"},\"thumbnailUrl\":\"https:\/\/ggycia.cl\/wp-content\/uploads\/2025\/05\/Gallegos_Gaston-1.jpg\",\"datePublished\":\"2025-05-10T20:24:56+00:00\",\"dateModified\":\"2025-10-08T20:56:09+00:00\",\"description\":\"Socio fundador de Gallegoy Cia. Alto nivel de experiencia en asuntos tributarios a grandes patrimonios y empresas locales y extranjeras\",\"breadcrumb\":{\"@id\":\"https:\/\/ggycia.cl\/gallegos-gaston\/#breadcrumb\"},\"inLanguage\":\"en-US\",\"potentialAction\":[{\"@type\":\"ReadAction\",\"target\":[\"https:\/\/ggycia.cl\/gallegos-gaston\/\"]}]},{\"@type\":\"ImageObject\",\"inLanguage\":\"en-US\",\"@id\":\"https:\/\/ggycia.cl\/gallegos-gaston\/#primaryimage\",\"url\":\"https:\/\/ggycia.cl\/wp-content\/uploads\/2025\/05\/Gallegos_Gaston-1.jpg\",\"contentUrl\":\"https:\/\/ggycia.cl\/wp-content\/uploads\/2025\/05\/Gallegos_Gaston-1.jpg\"},{\"@type\":\"BreadcrumbList\",\"@id\":\"https:\/\/ggycia.cl\/gallegos-gaston\/#breadcrumb\",\"itemListElement\":[{\"@type\":\"ListItem\",\"position\":1,\"name\":\"Portada\",\"item\":\"https:\/\/ggycia.cl\/\"},{\"@type\":\"ListItem\",\"position\":2,\"name\":\"Gallegos, Gast\u00f3n\u200b\"}]},{\"@type\":\"WebSite\",\"@id\":\"https:\/\/ggycia.cl\/#website\",\"url\":\"https:\/\/ggycia.cl\/\",\"name\":\"Gallegos y C\u00eda. Abogados\",\"description\":\"Gallegos y C\u00eda. Abogados\",\"publisher\":{\"@id\":\"https:\/\/ggycia.cl\/#organization\"},\"alternateName\":\"Gallegos & C\u00eda. Abogados\",\"potentialAction\":[{\"@type\":\"SearchAction\",\"target\":{\"@type\":\"EntryPoint\",\"urlTemplate\":\"https:\/\/ggycia.cl\/?s={search_term_string}\"},\"query-input\":{\"@type\":\"PropertyValueSpecification\",\"valueRequired\":true,\"valueName\":\"search_term_string\"}}],\"inLanguage\":\"en-US\"},{\"@type\":\"Organization\",\"@id\":\"https:\/\/ggycia.cl\/#organization\",\"name\":\"Gallegos y C\u00eda. Abogados\",\"alternateName\":\"Gallegos y C\u00eda.\",\"url\":\"https:\/\/ggycia.cl\/\",\"logo\":{\"@type\":\"ImageObject\",\"inLanguage\":\"en-US\",\"@id\":\"https:\/\/ggycia.cl\/#\/schema\/logo\/image\/\",\"url\":\"https:\/\/ggycia.cl\/wp-content\/uploads\/2025\/10\/cropped-ggycia.png\",\"contentUrl\":\"https:\/\/ggycia.cl\/wp-content\/uploads\/2025\/10\/cropped-ggycia.png\",\"width\":512,\"height\":512,\"caption\":\"Gallegos y C\u00eda. Abogados\"},\"image\":{\"@id\":\"https:\/\/ggycia.cl\/#\/schema\/logo\/image\/\"},\"sameAs\":[\"https:\/\/cl.linkedin.com\/company\/gallegos-cia-abogados\"]}]}<\/script>\n<!-- \/ Yoast SEO Premium plugin. -->","yoast_head_json":{"title":"Gast\u00f3n Gallegos","description":"Socio fundador de Gallegoy Cia. Alto nivel de experiencia en asuntos tributarios a grandes patrimonios y empresas locales y extranjeras","robots":{"index":"index","follow":"follow","max-snippet":"max-snippet:-1","max-image-preview":"max-image-preview:large","max-video-preview":"max-video-preview:-1"},"canonical":"https:\/\/ggycia.cl\/en\/gallegos-gaston\/","og_locale":"en_US","og_type":"article","og_title":"Gallegos, Gast\u00f3n\u200b","og_description":"Socio fundador de Gallegoy Cia. Alto nivel de experiencia en asuntos tributarios a grandes patrimonios y empresas locales y extranjeras","og_url":"https:\/\/ggycia.cl\/en\/gallegos-gaston\/","article_modified_time":"2025-10-08T20:56:09+00:00","og_image":[{"width":966,"height":1372,"url":"https:\/\/ggycia.cl\/wp-content\/uploads\/2025\/05\/Gallegos_Gaston-1.jpg","type":"image\/jpeg"}],"twitter_card":"summary_large_image","twitter_misc":{"Est. reading time":"2 minutes"},"schema":{"@context":"https:\/\/schema.org","@graph":[{"@type":"WebPage","@id":"https:\/\/ggycia.cl\/gallegos-gaston\/","url":"https:\/\/ggycia.cl\/gallegos-gaston\/","name":"Gast\u00f3n Gallegos","isPartOf":{"@id":"https:\/\/ggycia.cl\/#website"},"primaryImageOfPage":{"@id":"https:\/\/ggycia.cl\/gallegos-gaston\/#primaryimage"},"image":{"@id":"https:\/\/ggycia.cl\/gallegos-gaston\/#primaryimage"},"thumbnailUrl":"https:\/\/ggycia.cl\/wp-content\/uploads\/2025\/05\/Gallegos_Gaston-1.jpg","datePublished":"2025-05-10T20:24:56+00:00","dateModified":"2025-10-08T20:56:09+00:00","description":"Socio fundador de Gallegoy Cia. Alto nivel de experiencia en asuntos tributarios a grandes patrimonios y empresas locales y extranjeras","breadcrumb":{"@id":"https:\/\/ggycia.cl\/gallegos-gaston\/#breadcrumb"},"inLanguage":"en-US","potentialAction":[{"@type":"ReadAction","target":["https:\/\/ggycia.cl\/gallegos-gaston\/"]}]},{"@type":"ImageObject","inLanguage":"en-US","@id":"https:\/\/ggycia.cl\/gallegos-gaston\/#primaryimage","url":"https:\/\/ggycia.cl\/wp-content\/uploads\/2025\/05\/Gallegos_Gaston-1.jpg","contentUrl":"https:\/\/ggycia.cl\/wp-content\/uploads\/2025\/05\/Gallegos_Gaston-1.jpg"},{"@type":"BreadcrumbList","@id":"https:\/\/ggycia.cl\/gallegos-gaston\/#breadcrumb","itemListElement":[{"@type":"ListItem","position":1,"name":"Portada","item":"https:\/\/ggycia.cl\/"},{"@type":"ListItem","position":2,"name":"Gallegos, Gast\u00f3n\u200b"}]},{"@type":"WebSite","@id":"https:\/\/ggycia.cl\/#website","url":"https:\/\/ggycia.cl\/","name":"Gallegos y C\u00eda. Abogados","description":"Gallegos y C\u00eda. Abogados","publisher":{"@id":"https:\/\/ggycia.cl\/#organization"},"alternateName":"Gallegos & C\u00eda. Abogados","potentialAction":[{"@type":"SearchAction","target":{"@type":"EntryPoint","urlTemplate":"https:\/\/ggycia.cl\/?s={search_term_string}"},"query-input":{"@type":"PropertyValueSpecification","valueRequired":true,"valueName":"search_term_string"}}],"inLanguage":"en-US"},{"@type":"Organization","@id":"https:\/\/ggycia.cl\/#organization","name":"Gallegos y C\u00eda. Abogados","alternateName":"Gallegos y C\u00eda.","url":"https:\/\/ggycia.cl\/","logo":{"@type":"ImageObject","inLanguage":"en-US","@id":"https:\/\/ggycia.cl\/#\/schema\/logo\/image\/","url":"https:\/\/ggycia.cl\/wp-content\/uploads\/2025\/10\/cropped-ggycia.png","contentUrl":"https:\/\/ggycia.cl\/wp-content\/uploads\/2025\/10\/cropped-ggycia.png","width":512,"height":512,"caption":"Gallegos y C\u00eda. Abogados"},"image":{"@id":"https:\/\/ggycia.cl\/#\/schema\/logo\/image\/"},"sameAs":["https:\/\/cl.linkedin.com\/company\/gallegos-cia-abogados"]}]}},"_links":{"self":[{"href":"https:\/\/ggycia.cl\/en\/wp-json\/wp\/v2\/pages\/865","targetHints":{"allow":["GET"]}}],"collection":[{"href":"https:\/\/ggycia.cl\/en\/wp-json\/wp\/v2\/pages"}],"about":[{"href":"https:\/\/ggycia.cl\/en\/wp-json\/wp\/v2\/types\/page"}],"author":[{"embeddable":true,"href":"https:\/\/ggycia.cl\/en\/wp-json\/wp\/v2\/users\/1"}],"replies":[{"embeddable":true,"href":"https:\/\/ggycia.cl\/en\/wp-json\/wp\/v2\/comments?post=865"}],"version-history":[{"count":0,"href":"https:\/\/ggycia.cl\/en\/wp-json\/wp\/v2\/pages\/865\/revisions"}],"wp:attachment":[{"href":"https:\/\/ggycia.cl\/en\/wp-json\/wp\/v2\/media?parent=865"}],"curies":[{"name":"wp","href":"https:\/\/api.w.org\/{rel}","templated":true}]}}