{"id":613,"date":"2025-05-07T17:53:41","date_gmt":"2025-05-07T17:53:41","guid":{"rendered":"https:\/\/ggycia.cl\/?page_id=613"},"modified":"2025-10-14T22:43:39","modified_gmt":"2025-10-14T22:43:39","slug":"contacto","status":"publish","type":"page","link":"https:\/\/ggycia.cl\/en\/contacto\/","title":{"rendered":"CONTACT"},"content":{"rendered":"<div data-elementor-type=\"wp-page\" data-elementor-id=\"613\" class=\"elementor elementor-613\">\n\t\t\t\t<div class=\"elementor-element elementor-element-cc7b016 e-flex e-con-boxed e-con e-parent\" data-id=\"cc7b016\" data-element_type=\"container\">\n\t\t\t\t\t<div class=\"e-con-inner\">\n\t\t<div class=\"elementor-element elementor-element-3bcf798 e-con-full e-flex e-con e-child\" data-id=\"3bcf798\" data-element_type=\"container\">\n\t\t\t\t<div class=\"elementor-element elementor-element-22e2b65 elementor-widget elementor-widget-heading\" data-id=\"22e2b65\" data-element_type=\"widget\" data-widget_type=\"heading.default\">\n\t\t\t\t<div class=\"elementor-widget-container\">\n\t\t\t\t\t<h2 class=\"elementor-heading-title elementor-size-default\">Contact<\/h2>\t\t\t\t<\/div>\n\t\t\t\t<\/div>\n\t\t\t\t<\/div>\n\t\t\t\t\t<\/div>\n\t\t\t\t<\/div>\n\t\t<div class=\"elementor-element elementor-element-976731f e-flex e-con-boxed e-con e-parent\" data-id=\"976731f\" data-element_type=\"container\">\n\t\t\t\t\t<div class=\"e-con-inner\">\n\t\t<div class=\"elementor-element elementor-element-0ea9e2c e-con-full e-flex e-con e-child\" data-id=\"0ea9e2c\" data-element_type=\"container\">\n\t\t\t\t<div class=\"elementor-element elementor-element-53b169e elementor-widget elementor-widget-text-editor\" data-id=\"53b169e\" data-element_type=\"widget\" data-widget_type=\"text-editor.default\">\n\t\t\t\t<div class=\"elementor-widget-container\">\n\t\t\t\t\t\t\t\t\t<p>Av. Vitacura 3568, Of. 609<br \/>Vitacura | Santiago | Chile<br \/><strong>T<\/strong>: +56 2 2951 2020 \/ 955 4835 <br \/><strong>M<\/strong>: +56 9 93837842<\/p>\t\t\t\t\t\t\t\t<\/div>\n\t\t\t\t<\/div>\n\t\t\t\t<\/div>\n\t\t<div class=\"elementor-element elementor-element-b2f22c5 e-con-full e-flex e-con e-child\" data-id=\"b2f22c5\" data-element_type=\"container\">\n\t\t\t\t<div class=\"elementor-element elementor-element-abffee2 elementor-widget elementor-widget-html\" data-id=\"abffee2\" data-element_type=\"widget\" data-widget_type=\"html.default\">\n\t\t\t\t<div class=\"elementor-widget-container\">\n\t\t\t\t\t\n<div class=\"wpcf7 no-js\" id=\"wpcf7-f568-o1\" lang=\"es-ES\" dir=\"ltr\" data-wpcf7-id=\"568\">\n<div class=\"screen-reader-response\"><p role=\"status\" aria-live=\"polite\" aria-atomic=\"true\"><\/p> <ul><\/ul><\/div>\n<form action=\"\/en\/wp-json\/wp\/v2\/pages\/613#wpcf7-f568-o1\" method=\"post\" class=\"wpcf7-form init\" aria-label=\"Formulario de contacto\" novalidate=\"novalidate\" data-status=\"init\" data-trp-original-action=\"\/en\/wp-json\/wp\/v2\/pages\/613#wpcf7-f568-o1\">\n<fieldset class=\"hidden-fields-container\"><input type=\"hidden\" name=\"_wpcf7\" value=\"568\" \/><input type=\"hidden\" name=\"_wpcf7_version\" value=\"6.1.4\" \/><input type=\"hidden\" name=\"_wpcf7_locale\" value=\"es_ES\" \/><input type=\"hidden\" name=\"_wpcf7_unit_tag\" value=\"wpcf7-f568-o1\" \/><input type=\"hidden\" name=\"_wpcf7_container_post\" value=\"0\" \/><input type=\"hidden\" name=\"_wpcf7_posted_data_hash\" value=\"\" \/><input type=\"hidden\" name=\"_wpcf7_recaptcha_response\" value=\"\" \/>\n<\/fieldset>\n<p><span class=\"wpcf7-form-control-wrap\" data-name=\"Nombre_Apellido\"><input size=\"40\" maxlength=\"400\" class=\"wpcf7-form-control wpcf7-text wpcf7-validates-as-required Nombre y Apellido\" autocomplete=\"name\" aria-required=\"true\" aria-invalid=\"false\" placeholder=\"Name and Surname\" value=\"\" type=\"text\" name=\"Nombre_Apellido\" \/><\/span>\n<\/p>\n<p><span class=\"wpcf7-form-control-wrap\" data-name=\"Empresa\"><input size=\"40\" maxlength=\"400\" class=\"wpcf7-form-control wpcf7-text wpcf7-validates-as-required Empresa\" autocomplete=\"name\" aria-required=\"true\" aria-invalid=\"false\" placeholder=\"Company\" value=\"\" type=\"text\" name=\"Empresa\" \/><\/span>\n<\/p>\n<p><span class=\"wpcf7-form-control-wrap\" data-name=\"Email\"><input size=\"40\" maxlength=\"400\" class=\"wpcf7-form-control wpcf7-text wpcf7-validates-as-required Email\" autocomplete=\"name\" aria-required=\"true\" aria-invalid=\"false\" placeholder=\"Email\" value=\"\" type=\"text\" name=\"Email\" \/><\/span>\n<\/p>\n<p><span class=\"wpcf7-form-control-wrap\" data-name=\"your-message\"><textarea cols=\"40\" rows=\"10\" maxlength=\"2000\" class=\"wpcf7-form-control wpcf7-textarea Mensaje\" autocomplete=\"name\" aria-invalid=\"false\" placeholder=\"Message (optional)\" name=\"your-message\"><\/textarea><\/span>\n<\/p>\n<p><span class=\"wpcf7-form-control-wrap\" data-name=\"Tel\"><input size=\"40\" maxlength=\"400\" class=\"wpcf7-form-control wpcf7-text wpcf7-validates-as-required Tel\" autocomplete=\"name\" aria-required=\"true\" aria-invalid=\"false\" placeholder=\"Phone No\" value=\"\" type=\"text\" name=\"Tel\" \/><\/span><br \/>\n<span class=\"wpcf7-form-control-wrap recaptcha\" data-name=\"recaptcha\"><span data-sitekey=\"6LfkL9crAAAAAAlfALQ9y6DNuQPIerlmEJ6Rt_Lj\" class=\"wpcf7-form-control wpcf7-recaptcha g-recaptcha\"><\/span>\r\n<noscript>\r\n\t<div class=\"grecaptcha-noscript\">\r\n\t\t<iframe src=\"https:\/\/www.google.com\/recaptcha\/api\/fallback?k=6LfkL9crAAAAAAlfALQ9y6DNuQPIerlmEJ6Rt_Lj\" frameborder=\"0\" scrolling=\"no\" width=\"310\" height=\"430\">\r\n\t\t<\/iframe>\r\n\t\t<textarea name=\"g-recaptcha-response\" rows=\"3\" cols=\"40\" placeholder=\"Aqu\u00ed la respuesta de reCAPTCHA\">\r\n\t\t<\/textarea>\r\n\t<\/div>\r\n<\/noscript>\r\n<\/span><br \/>\n<input class=\"wpcf7-form-control wpcf7-submit has-spinner\" type=\"submit\" value=\"Send\" \/>\n<\/p><div class=\"wpcf7-response-output\" aria-hidden=\"true\"><\/div>\n<input type=\"hidden\" name=\"trp-form-language\" value=\"en\"\/><\/form>\n<\/div>\n\t\t\t\t<\/div>\n\t\t\t\t<\/div>\n\t\t\t\t<\/div>\n\t\t\t\t\t<\/div>\n\t\t\t\t<\/div>\n\t\t\t\t<\/div>","protected":false},"excerpt":{"rendered":"<p>Cont\u00e1ctanos Av. Vitacura 3568, Of. 609Vitacura | Santiago | ChileT: +56 2 2951 2020 \/ 955 4835 M: +56 9 93837842<\/p>","protected":false},"author":1,"featured_media":0,"parent":0,"menu_order":0,"comment_status":"closed","ping_status":"closed","template":"elementor_header_footer","meta":{"footnotes":""},"class_list":["post-613","page","type-page","status-publish","hentry"],"yoast_head":"<!-- This site is optimized with the Yoast SEO Premium plugin v25.8 (Yoast SEO v26.5) - https:\/\/yoast.com\/wordpress\/plugins\/seo\/ -->\n<title>Cont\u00e1ctese con Gallegos y C\u00eda para Asesor\u00edas<\/title>\n<meta name=\"description\" content=\"Gallegos y C\u00eda, un s\u00f3lido conocimiento en \u00e1rea tributaria y legal nivel nacional e internacional para empresa y personas\" \/>\n<meta name=\"robots\" content=\"index, follow, max-snippet:-1, max-image-preview:large, max-video-preview:-1\" \/>\n<link rel=\"canonical\" href=\"https:\/\/ggycia.cl\/en\/contacto\/\" \/>\n<meta property=\"og:locale\" content=\"en_US\" \/>\n<meta property=\"og:type\" content=\"article\" \/>\n<meta property=\"og:title\" content=\"Contacto\" \/>\n<meta property=\"og:description\" content=\"Gallegos y C\u00eda, un s\u00f3lido conocimiento en \u00e1rea tributaria y legal nivel nacional e internacional para empresa y personas\" \/>\n<meta property=\"og:url\" content=\"https:\/\/ggycia.cl\/en\/contacto\/\" \/>\n<meta property=\"article:modified_time\" content=\"2025-10-14T22:43:39+00:00\" \/>\n<meta property=\"og:image\" content=\"https:\/\/ggycia.cl\/wp-content\/uploads\/2025\/10\/screenshot.png\" \/>\n\t<meta property=\"og:image:width\" content=\"1347\" \/>\n\t<meta property=\"og:image:height\" content=\"613\" \/>\n\t<meta property=\"og:image:type\" content=\"image\/png\" \/>\n<meta name=\"twitter:card\" content=\"summary_large_image\" \/>\n<meta name=\"twitter:label1\" content=\"Est. reading time\" \/>\n\t<meta name=\"twitter:data1\" content=\"1 minute\" \/>\n<script type=\"application\/ld+json\" class=\"yoast-schema-graph\">{\"@context\":\"https:\/\/schema.org\",\"@graph\":[{\"@type\":\"WebPage\",\"@id\":\"https:\/\/ggycia.cl\/contacto\/\",\"url\":\"https:\/\/ggycia.cl\/contacto\/\",\"name\":\"Cont\u00e1ctese con Gallegos y C\u00eda para Asesor\u00edas\",\"isPartOf\":{\"@id\":\"https:\/\/ggycia.cl\/#website\"},\"datePublished\":\"2025-05-07T17:53:41+00:00\",\"dateModified\":\"2025-10-14T22:43:39+00:00\",\"description\":\"Gallegos y C\u00eda, un s\u00f3lido conocimiento en \u00e1rea tributaria y legal nivel nacional e internacional para empresa y personas\",\"breadcrumb\":{\"@id\":\"https:\/\/ggycia.cl\/contacto\/#breadcrumb\"},\"inLanguage\":\"en-US\",\"potentialAction\":[{\"@type\":\"ReadAction\",\"target\":[\"https:\/\/ggycia.cl\/contacto\/\"]}]},{\"@type\":\"BreadcrumbList\",\"@id\":\"https:\/\/ggycia.cl\/contacto\/#breadcrumb\",\"itemListElement\":[{\"@type\":\"ListItem\",\"position\":1,\"name\":\"Portada\",\"item\":\"https:\/\/ggycia.cl\/\"},{\"@type\":\"ListItem\",\"position\":2,\"name\":\"Contacto\"}]},{\"@type\":\"WebSite\",\"@id\":\"https:\/\/ggycia.cl\/#website\",\"url\":\"https:\/\/ggycia.cl\/\",\"name\":\"Gallegos y C\u00eda. Abogados\",\"description\":\"Gallegos y C\u00eda. Abogados\",\"publisher\":{\"@id\":\"https:\/\/ggycia.cl\/#organization\"},\"alternateName\":\"Gallegos & C\u00eda. Abogados\",\"potentialAction\":[{\"@type\":\"SearchAction\",\"target\":{\"@type\":\"EntryPoint\",\"urlTemplate\":\"https:\/\/ggycia.cl\/?s={search_term_string}\"},\"query-input\":{\"@type\":\"PropertyValueSpecification\",\"valueRequired\":true,\"valueName\":\"search_term_string\"}}],\"inLanguage\":\"en-US\"},{\"@type\":\"Organization\",\"@id\":\"https:\/\/ggycia.cl\/#organization\",\"name\":\"Gallegos y C\u00eda. Abogados\",\"alternateName\":\"Gallegos y C\u00eda.\",\"url\":\"https:\/\/ggycia.cl\/\",\"logo\":{\"@type\":\"ImageObject\",\"inLanguage\":\"en-US\",\"@id\":\"https:\/\/ggycia.cl\/#\/schema\/logo\/image\/\",\"url\":\"https:\/\/ggycia.cl\/wp-content\/uploads\/2025\/10\/cropped-ggycia.png\",\"contentUrl\":\"https:\/\/ggycia.cl\/wp-content\/uploads\/2025\/10\/cropped-ggycia.png\",\"width\":512,\"height\":512,\"caption\":\"Gallegos y C\u00eda. Abogados\"},\"image\":{\"@id\":\"https:\/\/ggycia.cl\/#\/schema\/logo\/image\/\"},\"sameAs\":[\"https:\/\/cl.linkedin.com\/company\/gallegos-cia-abogados\"]}]}<\/script>\n<!-- \/ Yoast SEO Premium plugin. -->","yoast_head_json":{"title":"Cont\u00e1ctese con Gallegos y C\u00eda para Asesor\u00edas","description":"Gallegos y C\u00eda, un s\u00f3lido conocimiento en \u00e1rea tributaria y legal nivel nacional e internacional para empresa y personas","robots":{"index":"index","follow":"follow","max-snippet":"max-snippet:-1","max-image-preview":"max-image-preview:large","max-video-preview":"max-video-preview:-1"},"canonical":"https:\/\/ggycia.cl\/en\/contacto\/","og_locale":"en_US","og_type":"article","og_title":"Contacto","og_description":"Gallegos y C\u00eda, un s\u00f3lido conocimiento en \u00e1rea tributaria y legal nivel nacional e internacional para empresa y personas","og_url":"https:\/\/ggycia.cl\/en\/contacto\/","article_modified_time":"2025-10-14T22:43:39+00:00","og_image":[{"width":1347,"height":613,"url":"https:\/\/ggycia.cl\/wp-content\/uploads\/2025\/10\/screenshot.png","type":"image\/png"}],"twitter_card":"summary_large_image","twitter_misc":{"Est. reading time":"1 minute"},"schema":{"@context":"https:\/\/schema.org","@graph":[{"@type":"WebPage","@id":"https:\/\/ggycia.cl\/contacto\/","url":"https:\/\/ggycia.cl\/contacto\/","name":"Cont\u00e1ctese con Gallegos y C\u00eda para Asesor\u00edas","isPartOf":{"@id":"https:\/\/ggycia.cl\/#website"},"datePublished":"2025-05-07T17:53:41+00:00","dateModified":"2025-10-14T22:43:39+00:00","description":"Gallegos y C\u00eda, un s\u00f3lido conocimiento en \u00e1rea tributaria y legal nivel nacional e internacional para empresa y personas","breadcrumb":{"@id":"https:\/\/ggycia.cl\/contacto\/#breadcrumb"},"inLanguage":"en-US","potentialAction":[{"@type":"ReadAction","target":["https:\/\/ggycia.cl\/contacto\/"]}]},{"@type":"BreadcrumbList","@id":"https:\/\/ggycia.cl\/contacto\/#breadcrumb","itemListElement":[{"@type":"ListItem","position":1,"name":"Portada","item":"https:\/\/ggycia.cl\/"},{"@type":"ListItem","position":2,"name":"Contacto"}]},{"@type":"WebSite","@id":"https:\/\/ggycia.cl\/#website","url":"https:\/\/ggycia.cl\/","name":"Gallegos y C\u00eda. Abogados","description":"Gallegos y C\u00eda. Abogados","publisher":{"@id":"https:\/\/ggycia.cl\/#organization"},"alternateName":"Gallegos & C\u00eda. Abogados","potentialAction":[{"@type":"SearchAction","target":{"@type":"EntryPoint","urlTemplate":"https:\/\/ggycia.cl\/?s={search_term_string}"},"query-input":{"@type":"PropertyValueSpecification","valueRequired":true,"valueName":"search_term_string"}}],"inLanguage":"en-US"},{"@type":"Organization","@id":"https:\/\/ggycia.cl\/#organization","name":"Gallegos y C\u00eda. Abogados","alternateName":"Gallegos y C\u00eda.","url":"https:\/\/ggycia.cl\/","logo":{"@type":"ImageObject","inLanguage":"en-US","@id":"https:\/\/ggycia.cl\/#\/schema\/logo\/image\/","url":"https:\/\/ggycia.cl\/wp-content\/uploads\/2025\/10\/cropped-ggycia.png","contentUrl":"https:\/\/ggycia.cl\/wp-content\/uploads\/2025\/10\/cropped-ggycia.png","width":512,"height":512,"caption":"Gallegos y C\u00eda. Abogados"},"image":{"@id":"https:\/\/ggycia.cl\/#\/schema\/logo\/image\/"},"sameAs":["https:\/\/cl.linkedin.com\/company\/gallegos-cia-abogados"]}]}},"_links":{"self":[{"href":"https:\/\/ggycia.cl\/en\/wp-json\/wp\/v2\/pages\/613","targetHints":{"allow":["GET"]}}],"collection":[{"href":"https:\/\/ggycia.cl\/en\/wp-json\/wp\/v2\/pages"}],"about":[{"href":"https:\/\/ggycia.cl\/en\/wp-json\/wp\/v2\/types\/page"}],"author":[{"embeddable":true,"href":"https:\/\/ggycia.cl\/en\/wp-json\/wp\/v2\/users\/1"}],"replies":[{"embeddable":true,"href":"https:\/\/ggycia.cl\/en\/wp-json\/wp\/v2\/comments?post=613"}],"version-history":[{"count":0,"href":"https:\/\/ggycia.cl\/en\/wp-json\/wp\/v2\/pages\/613\/revisions"}],"wp:attachment":[{"href":"https:\/\/ggycia.cl\/en\/wp-json\/wp\/v2\/media?parent=613"}],"curies":[{"name":"wp","href":"https:\/\/api.w.org\/{rel}","templated":true}]}}