{"id":151,"date":"2025-04-24T19:54:17","date_gmt":"2025-04-24T19:54:17","guid":{"rendered":"https:\/\/ggycia.cl\/?page_id=151"},"modified":"2025-10-14T22:47:13","modified_gmt":"2025-10-14T22:47:13","slug":"equipo","status":"publish","type":"page","link":"https:\/\/ggycia.cl\/en\/equipo\/","title":{"rendered":"Team"},"content":{"rendered":"<div data-elementor-type=\"wp-page\" data-elementor-id=\"151\" class=\"elementor elementor-151\">\n\t\t\t\t<div class=\"elementor-element elementor-element-a1a5006 e-flex e-con-boxed e-con e-parent\" data-id=\"a1a5006\" data-element_type=\"container\">\n\t\t\t\t\t<div class=\"e-con-inner\">\n\t\t\t\t<div class=\"elementor-element elementor-element-d0fdc55 elementor-widget elementor-widget-heading\" data-id=\"d0fdc55\" data-element_type=\"widget\" data-widget_type=\"heading.default\">\n\t\t\t\t<div class=\"elementor-widget-container\">\n\t\t\t\t\t<h2 class=\"elementor-heading-title elementor-size-default\">Team<\/h2>\t\t\t\t<\/div>\n\t\t\t\t<\/div>\n\t\t\t\t\t<\/div>\n\t\t\t\t<\/div>\n\t\t<div class=\"elementor-element elementor-element-90db471 e-flex e-con-boxed e-con e-parent\" data-id=\"90db471\" data-element_type=\"container\">\n\t\t\t\t\t<div class=\"e-con-inner\">\n\t\t\t\t<div class=\"elementor-element elementor-element-d62574c elementor-widget elementor-widget-text-editor\" data-id=\"d62574c\" data-element_type=\"widget\" data-widget_type=\"text-editor.default\">\n\t\t\t\t<div class=\"elementor-widget-container\">\n\t\t\t\t\t\t\t\t\t<p>Gallegos &amp; C\u00eda. brings a team of highly specialized professionals with strong legal and economic backgrounds. Each team member offers extensive expertise across various industries and in advising both domestic and international clients. The diversity and expertise of our professionals add significant value, enriching every project with multiple perspectives and insights, allowing us to provide comprehensive, top-quality support to clients across all sectors and generations.<\/p>\t\t\t\t\t\t\t\t<\/div>\n\t\t\t\t<\/div>\n\t\t\t\t\t<\/div>\n\t\t\t\t<\/div>\n\t\t<div class=\"elementor-element elementor-element-03e78c1 e-flex e-con-boxed e-con e-parent\" data-id=\"03e78c1\" data-element_type=\"container\">\n\t\t\t\t\t<div class=\"e-con-inner\">\n\t\t<div class=\"elementor-element elementor-element-2a0cd06 e-con-full e-flex e-con e-child\" data-id=\"2a0cd06\" data-element_type=\"container\">\n\t\t\t\t<div class=\"elementor-element elementor-element-a136496 elementor-widget elementor-widget-image\" data-id=\"a136496\" data-element_type=\"widget\" data-widget_type=\"image.default\">\n\t\t\t\t<div class=\"elementor-widget-container\">\n\t\t\t\t\t\t\t\t\t\t\t\t<figure class=\"wp-caption\">\n\t\t\t\t\t\t\t\t\t\t\t<a href=\"https:\/\/ggycia.cl\/\/gallegos-gaston\/?\">\n\t\t\t\t\t\t\t<img decoding=\"async\" src=\"https:\/\/ggycia.cl\/wp-content\/uploads\/elementor\/thumbs\/Gallegos_Gaston-r5m9uu2s6gz5xncj1fl7at5990v0zvca3hplh8pkpw.jpg\" title=\"Gallegos Gast\u00f3n\" alt=\"Gallegos Gast\u00f3n\" loading=\"lazy\" \/>\t\t\t\t\t\t\t\t<\/a>\n\t\t\t\t\t\t\t\t\t\t\t<figcaption class=\"widget-image-caption wp-caption-text\"><\/figcaption>\n\t\t\t\t\t\t\t\t\t\t<\/figure>\n\t\t\t\t\t\t\t\t\t<\/div>\n\t\t\t\t<\/div>\n\t\t\t\t<div class=\"elementor-element elementor-element-0cf1e39 elementor-widget elementor-widget-heading\" data-id=\"0cf1e39\" data-element_type=\"widget\" data-widget_type=\"heading.default\">\n\t\t\t\t<div class=\"elementor-widget-container\">\n\t\t\t\t\t<h4 class=\"elementor-heading-title elementor-size-default\">Gallegos, Gast\u00f3n<\/h4>\t\t\t\t<\/div>\n\t\t\t\t<\/div>\n\t\t\t\t<\/div>\n\t\t<div class=\"elementor-element elementor-element-e3ce539 e-con-full e-flex e-con e-child\" data-id=\"e3ce539\" data-element_type=\"container\">\n\t\t\t\t<div class=\"elementor-element elementor-element-844ef86 elementor-widget elementor-widget-image\" data-id=\"844ef86\" data-element_type=\"widget\" data-widget_type=\"image.default\">\n\t\t\t\t<div class=\"elementor-widget-container\">\n\t\t\t\t\t\t\t\t\t\t\t\t\t\t\t\t<a href=\"https:\/\/ggycia.cl\/\/fontecilla-benjamin\/\" rel=\"nofollow\">\n\t\t\t\t\t\t\t<img decoding=\"async\" src=\"https:\/\/ggycia.cl\/wp-content\/uploads\/elementor\/thumbs\/Fontecilla_Benjamin-r5m9us73sswlaff9cery5tmc294akh4tf8emiosd2c.jpg\" title=\"Fontecilla Benjam\u00edn\" alt=\"Fontecilla Benjam\u00edn, tax leal\" loading=\"lazy\" \/>\t\t\t\t\t\t\t\t<\/a>\n\t\t\t\t\t\t\t\t\t\t\t\t\t\t\t<\/div>\n\t\t\t\t<\/div>\n\t\t\t\t<div class=\"elementor-element elementor-element-92fa1e5 elementor-widget elementor-widget-heading\" data-id=\"92fa1e5\" data-element_type=\"widget\" data-widget_type=\"heading.default\">\n\t\t\t\t<div class=\"elementor-widget-container\">\n\t\t\t\t\t<h4 class=\"elementor-heading-title elementor-size-default\">Fontecilla, Benjam\u00edn<\/h4>\t\t\t\t<\/div>\n\t\t\t\t<\/div>\n\t\t\t\t<\/div>\n\t\t<div class=\"elementor-element elementor-element-f437d47 e-con-full e-flex e-con e-child\" data-id=\"f437d47\" data-element_type=\"container\">\n\t\t\t\t<div class=\"elementor-element elementor-element-442ed95 elementor-widget elementor-widget-image\" data-id=\"442ed95\" data-element_type=\"widget\" data-widget_type=\"image.default\">\n\t\t\t\t<div class=\"elementor-widget-container\">\n\t\t\t\t\t\t\t\t\t\t\t\t\t\t\t\t<a href=\"https:\/\/ggycia.cl\/\/gomez-andres\/\">\n\t\t\t\t\t\t\t<img decoding=\"async\" src=\"https:\/\/ggycia.cl\/wp-content\/uploads\/elementor\/thumbs\/Gomez_Andres-r5m9uv0mdb0g99b5vxztvawpueqe7kg0fmd2yio6jo.jpg\" title=\"G\u00f3mez Andr\u00e9s\" alt=\"G\u00f3mez Andr\u00e9s, tax leal\" loading=\"lazy\" \/>\t\t\t\t\t\t\t\t<\/a>\n\t\t\t\t\t\t\t\t\t\t\t\t\t\t\t<\/div>\n\t\t\t\t<\/div>\n\t\t\t\t<div class=\"elementor-element elementor-element-2594af1 elementor-widget elementor-widget-heading\" data-id=\"2594af1\" data-element_type=\"widget\" data-widget_type=\"heading.default\">\n\t\t\t\t<div class=\"elementor-widget-container\">\n\t\t\t\t\t<h4 class=\"elementor-heading-title elementor-size-default\">G\u00f3mez, Andr\u00e9s<\/h4>\t\t\t\t<\/div>\n\t\t\t\t<\/div>\n\t\t\t\t<\/div>\n\t\t<div class=\"elementor-element elementor-element-a925157 e-con-full e-flex e-con e-child\" data-id=\"a925157\" data-element_type=\"container\">\n\t\t\t\t<div class=\"elementor-element elementor-element-0605961 elementor-widget elementor-widget-image\" data-id=\"0605961\" data-element_type=\"widget\" data-widget_type=\"image.default\">\n\t\t\t\t<div class=\"elementor-widget-container\">\n\t\t\t\t\t\t\t\t\t\t\t\t\t\t\t\t<a href=\"https:\/\/ggycia.cl\/\/quinteros-maria-jose\/\">\n\t\t\t\t\t\t\t<img decoding=\"async\" src=\"https:\/\/ggycia.cl\/wp-content\/uploads\/elementor\/thumbs\/Quinteros_MariaJose-r5m9uwwaqz30wh8fkyt30afn16h4mynh3vo1x2le78.jpg\" title=\"Quinteros Mar\u00eda Jos\u00e9\" alt=\"Quinteros Maria Jos\u00e9, tax leal\" loading=\"lazy\" \/>\t\t\t\t\t\t\t\t<\/a>\n\t\t\t\t\t\t\t\t\t\t\t\t\t\t\t<\/div>\n\t\t\t\t<\/div>\n\t\t\t\t<div class=\"elementor-element elementor-element-f5b3c5e elementor-widget elementor-widget-heading\" data-id=\"f5b3c5e\" data-element_type=\"widget\" data-widget_type=\"heading.default\">\n\t\t\t\t<div class=\"elementor-widget-container\">\n\t\t\t\t\t<h4 class=\"elementor-heading-title elementor-size-default\">Quinteros, Mar\u00eda Jos\u00e9<\/h4>\t\t\t\t<\/div>\n\t\t\t\t<\/div>\n\t\t\t\t<\/div>\n\t\t<div class=\"elementor-element elementor-element-6f6f516 e-con-full e-flex e-con e-child\" data-id=\"6f6f516\" data-element_type=\"container\">\n\t\t\t\t<div class=\"elementor-element elementor-element-a8937a4 elementor-widget elementor-widget-image\" data-id=\"a8937a4\" data-element_type=\"widget\" data-widget_type=\"image.default\">\n\t\t\t\t<div class=\"elementor-widget-container\">\n\t\t\t\t\t\t\t\t\t\t\t\t\t\t\t\t<a href=\"https:\/\/ggycia.cl\/\/varas-viviana\/\">\n\t\t\t\t\t\t\t<img decoding=\"async\" src=\"https:\/\/ggycia.cl\/wp-content\/uploads\/elementor\/thumbs\/Varas_Viviana-r5m9uxu4xt4b8372fh7pks73mkchunr7g0bjeck010.jpg\" title=\"Varas_Viviana\" alt=\"Varas Viviana tax legal\" loading=\"lazy\" \/>\t\t\t\t\t\t\t\t<\/a>\n\t\t\t\t\t\t\t\t\t\t\t\t\t\t\t<\/div>\n\t\t\t\t<\/div>\n\t\t\t\t<div class=\"elementor-element elementor-element-e03f102 elementor-widget elementor-widget-heading\" data-id=\"e03f102\" data-element_type=\"widget\" data-widget_type=\"heading.default\">\n\t\t\t\t<div class=\"elementor-widget-container\">\n\t\t\t\t\t<h4 class=\"elementor-heading-title elementor-size-default\">Varas, Viviana<\/h4>\t\t\t\t<\/div>\n\t\t\t\t<\/div>\n\t\t\t\t<\/div>\n\t\t<div class=\"elementor-element elementor-element-70af0e5 e-con-full e-flex e-con e-child\" data-id=\"70af0e5\" data-element_type=\"container\">\n\t\t\t\t<\/div>\n\t\t\t\t\t<\/div>\n\t\t\t\t<\/div>\n\t\t<div class=\"elementor-element elementor-element-213133d e-flex e-con-boxed e-con e-parent\" data-id=\"213133d\" data-element_type=\"container\">\n\t\t\t\t\t<div class=\"e-con-inner\">\n\t\t\t\t<div class=\"elementor-element elementor-element-fb4be11 elementor-widget elementor-widget-spacer\" data-id=\"fb4be11\" data-element_type=\"widget\" data-widget_type=\"spacer.default\">\n\t\t\t\t<div class=\"elementor-widget-container\">\n\t\t\t\t\t\t\t<div class=\"elementor-spacer\">\n\t\t\t<div class=\"elementor-spacer-inner\"><\/div>\n\t\t<\/div>\n\t\t\t\t\t\t<\/div>\n\t\t\t\t<\/div>\n\t\t\t\t\t<\/div>\n\t\t\t\t<\/div>\n\t\t\t\t<\/div>","protected":false},"excerpt":{"rendered":"<p>Equipo En Gallegos y C\u00eda. contamos con un equipo de profesionales altamente especializados, con s\u00f3lida formaci\u00f3n jur\u00eddica y econ\u00f3mica. Cada miembro de nuestro equipo cuenta con amplia experiencia en diversas industrias y en la asesor\u00eda a clientes nacionales y extranjeros. La diversidad y trayectoria de nuestros miembros aportan valor, enriqueciendo cada proyecto con distintas visiones [&hellip;]<\/p>","protected":false},"author":1,"featured_media":0,"parent":0,"menu_order":0,"comment_status":"closed","ping_status":"closed","template":"elementor_header_footer","meta":{"footnotes":""},"class_list":["post-151","page","type-page","status-publish","hentry"],"yoast_head":"<!-- This site is optimized with the Yoast SEO Premium plugin v25.8 (Yoast SEO v26.5) - https:\/\/yoast.com\/wordpress\/plugins\/seo\/ -->\n<title>Gallegos y Cia. Abogados - Equipo de Profesionales<\/title>\n<meta name=\"description\" content=\"Cada miembro de nuestro equipo cuenta con amplia experiencia en diversas industrias y en la asesor\u00eda a clientes nacionales y extranjeros\" \/>\n<meta name=\"robots\" content=\"index, follow, max-snippet:-1, max-image-preview:large, max-video-preview:-1\" \/>\n<link rel=\"canonical\" href=\"https:\/\/ggycia.cl\/en\/equipo\/\" \/>\n<meta property=\"og:locale\" content=\"en_US\" \/>\n<meta property=\"og:type\" content=\"article\" \/>\n<meta property=\"og:title\" content=\"Equipo\" \/>\n<meta property=\"og:description\" content=\"Cada miembro de nuestro equipo cuenta con amplia experiencia en diversas industrias y en la asesor\u00eda a clientes nacionales y extranjeros\" \/>\n<meta property=\"og:url\" content=\"https:\/\/ggycia.cl\/en\/equipo\/\" \/>\n<meta property=\"article:modified_time\" content=\"2025-10-14T22:47:13+00:00\" \/>\n<meta property=\"og:image\" content=\"https:\/\/ggycia.cl\/wp-content\/uploads\/elementor\/thumbs\/Gallegos_Gaston-r5m9uu2s6gz5xncj1fl7at5990v0zvca3hplh8pkq6.jpg\" \/>\n<meta name=\"twitter:card\" content=\"summary_large_image\" \/>\n<meta name=\"twitter:label1\" content=\"Est. reading time\" \/>\n\t<meta name=\"twitter:data1\" content=\"2 minutes\" \/>\n<script type=\"application\/ld+json\" class=\"yoast-schema-graph\">{\"@context\":\"https:\/\/schema.org\",\"@graph\":[{\"@type\":\"WebPage\",\"@id\":\"https:\/\/ggycia.cl\/equipo\/\",\"url\":\"https:\/\/ggycia.cl\/equipo\/\",\"name\":\"Gallegos y Cia. Abogados - Equipo de Profesionales\",\"isPartOf\":{\"@id\":\"https:\/\/ggycia.cl\/#website\"},\"primaryImageOfPage\":{\"@id\":\"https:\/\/ggycia.cl\/equipo\/#primaryimage\"},\"image\":{\"@id\":\"https:\/\/ggycia.cl\/equipo\/#primaryimage\"},\"thumbnailUrl\":\"https:\/\/ggycia.cl\/wp-content\/uploads\/elementor\/thumbs\/Gallegos_Gaston-r5m9uu2s6gz5xncj1fl7at5990v0zvca3hplh8pkq6.jpg\",\"datePublished\":\"2025-04-24T19:54:17+00:00\",\"dateModified\":\"2025-10-14T22:47:13+00:00\",\"description\":\"Cada miembro de nuestro equipo cuenta con amplia experiencia en diversas industrias y en la asesor\u00eda a clientes nacionales y extranjeros\",\"breadcrumb\":{\"@id\":\"https:\/\/ggycia.cl\/equipo\/#breadcrumb\"},\"inLanguage\":\"en-US\",\"potentialAction\":[{\"@type\":\"ReadAction\",\"target\":[\"https:\/\/ggycia.cl\/equipo\/\"]}]},{\"@type\":\"ImageObject\",\"inLanguage\":\"en-US\",\"@id\":\"https:\/\/ggycia.cl\/equipo\/#primaryimage\",\"url\":\"https:\/\/ggycia.cl\/wp-content\/uploads\/elementor\/thumbs\/Gallegos_Gaston-r5m9uu2s6gz5xncj1fl7at5990v0zvca3hplh8pkq6.jpg\",\"contentUrl\":\"https:\/\/ggycia.cl\/wp-content\/uploads\/elementor\/thumbs\/Gallegos_Gaston-r5m9uu2s6gz5xncj1fl7at5990v0zvca3hplh8pkq6.jpg\"},{\"@type\":\"BreadcrumbList\",\"@id\":\"https:\/\/ggycia.cl\/equipo\/#breadcrumb\",\"itemListElement\":[{\"@type\":\"ListItem\",\"position\":1,\"name\":\"Portada\",\"item\":\"https:\/\/ggycia.cl\/\"},{\"@type\":\"ListItem\",\"position\":2,\"name\":\"Equipo\"}]},{\"@type\":\"WebSite\",\"@id\":\"https:\/\/ggycia.cl\/#website\",\"url\":\"https:\/\/ggycia.cl\/\",\"name\":\"Gallegos y C\u00eda. Abogados\",\"description\":\"Gallegos y C\u00eda. Abogados\",\"publisher\":{\"@id\":\"https:\/\/ggycia.cl\/#organization\"},\"alternateName\":\"Gallegos & C\u00eda. Abogados\",\"potentialAction\":[{\"@type\":\"SearchAction\",\"target\":{\"@type\":\"EntryPoint\",\"urlTemplate\":\"https:\/\/ggycia.cl\/?s={search_term_string}\"},\"query-input\":{\"@type\":\"PropertyValueSpecification\",\"valueRequired\":true,\"valueName\":\"search_term_string\"}}],\"inLanguage\":\"en-US\"},{\"@type\":\"Organization\",\"@id\":\"https:\/\/ggycia.cl\/#organization\",\"name\":\"Gallegos y C\u00eda. Abogados\",\"alternateName\":\"Gallegos y C\u00eda.\",\"url\":\"https:\/\/ggycia.cl\/\",\"logo\":{\"@type\":\"ImageObject\",\"inLanguage\":\"en-US\",\"@id\":\"https:\/\/ggycia.cl\/#\/schema\/logo\/image\/\",\"url\":\"https:\/\/ggycia.cl\/wp-content\/uploads\/2025\/10\/cropped-ggycia.png\",\"contentUrl\":\"https:\/\/ggycia.cl\/wp-content\/uploads\/2025\/10\/cropped-ggycia.png\",\"width\":512,\"height\":512,\"caption\":\"Gallegos y C\u00eda. Abogados\"},\"image\":{\"@id\":\"https:\/\/ggycia.cl\/#\/schema\/logo\/image\/\"},\"sameAs\":[\"https:\/\/cl.linkedin.com\/company\/gallegos-cia-abogados\"]}]}<\/script>\n<!-- \/ Yoast SEO Premium plugin. -->","yoast_head_json":{"title":"Gallegos y Cia. Abogados - Equipo de Profesionales","description":"Cada miembro de nuestro equipo cuenta con amplia experiencia en diversas industrias y en la asesor\u00eda a clientes nacionales y extranjeros","robots":{"index":"index","follow":"follow","max-snippet":"max-snippet:-1","max-image-preview":"max-image-preview:large","max-video-preview":"max-video-preview:-1"},"canonical":"https:\/\/ggycia.cl\/en\/equipo\/","og_locale":"en_US","og_type":"article","og_title":"Equipo","og_description":"Cada miembro de nuestro equipo cuenta con amplia experiencia en diversas industrias y en la asesor\u00eda a clientes nacionales y extranjeros","og_url":"https:\/\/ggycia.cl\/en\/equipo\/","article_modified_time":"2025-10-14T22:47:13+00:00","og_image":[{"url":"https:\/\/ggycia.cl\/wp-content\/uploads\/elementor\/thumbs\/Gallegos_Gaston-r5m9uu2s6gz5xncj1fl7at5990v0zvca3hplh8pkq6.jpg","type":"","width":"","height":""}],"twitter_card":"summary_large_image","twitter_misc":{"Est. reading time":"2 minutes"},"schema":{"@context":"https:\/\/schema.org","@graph":[{"@type":"WebPage","@id":"https:\/\/ggycia.cl\/equipo\/","url":"https:\/\/ggycia.cl\/equipo\/","name":"Gallegos y Cia. Abogados - Equipo de Profesionales","isPartOf":{"@id":"https:\/\/ggycia.cl\/#website"},"primaryImageOfPage":{"@id":"https:\/\/ggycia.cl\/equipo\/#primaryimage"},"image":{"@id":"https:\/\/ggycia.cl\/equipo\/#primaryimage"},"thumbnailUrl":"https:\/\/ggycia.cl\/wp-content\/uploads\/elementor\/thumbs\/Gallegos_Gaston-r5m9uu2s6gz5xncj1fl7at5990v0zvca3hplh8pkq6.jpg","datePublished":"2025-04-24T19:54:17+00:00","dateModified":"2025-10-14T22:47:13+00:00","description":"Cada miembro de nuestro equipo cuenta con amplia experiencia en diversas industrias y en la asesor\u00eda a clientes nacionales y extranjeros","breadcrumb":{"@id":"https:\/\/ggycia.cl\/equipo\/#breadcrumb"},"inLanguage":"en-US","potentialAction":[{"@type":"ReadAction","target":["https:\/\/ggycia.cl\/equipo\/"]}]},{"@type":"ImageObject","inLanguage":"en-US","@id":"https:\/\/ggycia.cl\/equipo\/#primaryimage","url":"https:\/\/ggycia.cl\/wp-content\/uploads\/elementor\/thumbs\/Gallegos_Gaston-r5m9uu2s6gz5xncj1fl7at5990v0zvca3hplh8pkq6.jpg","contentUrl":"https:\/\/ggycia.cl\/wp-content\/uploads\/elementor\/thumbs\/Gallegos_Gaston-r5m9uu2s6gz5xncj1fl7at5990v0zvca3hplh8pkq6.jpg"},{"@type":"BreadcrumbList","@id":"https:\/\/ggycia.cl\/equipo\/#breadcrumb","itemListElement":[{"@type":"ListItem","position":1,"name":"Portada","item":"https:\/\/ggycia.cl\/"},{"@type":"ListItem","position":2,"name":"Equipo"}]},{"@type":"WebSite","@id":"https:\/\/ggycia.cl\/#website","url":"https:\/\/ggycia.cl\/","name":"Gallegos y C\u00eda. Abogados","description":"Gallegos y C\u00eda. Abogados","publisher":{"@id":"https:\/\/ggycia.cl\/#organization"},"alternateName":"Gallegos & C\u00eda. Abogados","potentialAction":[{"@type":"SearchAction","target":{"@type":"EntryPoint","urlTemplate":"https:\/\/ggycia.cl\/?s={search_term_string}"},"query-input":{"@type":"PropertyValueSpecification","valueRequired":true,"valueName":"search_term_string"}}],"inLanguage":"en-US"},{"@type":"Organization","@id":"https:\/\/ggycia.cl\/#organization","name":"Gallegos y C\u00eda. Abogados","alternateName":"Gallegos y C\u00eda.","url":"https:\/\/ggycia.cl\/","logo":{"@type":"ImageObject","inLanguage":"en-US","@id":"https:\/\/ggycia.cl\/#\/schema\/logo\/image\/","url":"https:\/\/ggycia.cl\/wp-content\/uploads\/2025\/10\/cropped-ggycia.png","contentUrl":"https:\/\/ggycia.cl\/wp-content\/uploads\/2025\/10\/cropped-ggycia.png","width":512,"height":512,"caption":"Gallegos y C\u00eda. Abogados"},"image":{"@id":"https:\/\/ggycia.cl\/#\/schema\/logo\/image\/"},"sameAs":["https:\/\/cl.linkedin.com\/company\/gallegos-cia-abogados"]}]}},"_links":{"self":[{"href":"https:\/\/ggycia.cl\/en\/wp-json\/wp\/v2\/pages\/151","targetHints":{"allow":["GET"]}}],"collection":[{"href":"https:\/\/ggycia.cl\/en\/wp-json\/wp\/v2\/pages"}],"about":[{"href":"https:\/\/ggycia.cl\/en\/wp-json\/wp\/v2\/types\/page"}],"author":[{"embeddable":true,"href":"https:\/\/ggycia.cl\/en\/wp-json\/wp\/v2\/users\/1"}],"replies":[{"embeddable":true,"href":"https:\/\/ggycia.cl\/en\/wp-json\/wp\/v2\/comments?post=151"}],"version-history":[{"count":0,"href":"https:\/\/ggycia.cl\/en\/wp-json\/wp\/v2\/pages\/151\/revisions"}],"wp:attachment":[{"href":"https:\/\/ggycia.cl\/en\/wp-json\/wp\/v2\/media?parent=151"}],"curies":[{"name":"wp","href":"https:\/\/api.w.org\/{rel}","templated":true}]}}