{"id":1209,"date":"2025-08-25T19:50:34","date_gmt":"2025-08-25T19:50:34","guid":{"rendered":"https:\/\/ggycia.cl\/?page_id=1209"},"modified":"2025-10-14T23:12:32","modified_gmt":"2025-10-14T23:12:32","slug":"area-practicas","status":"publish","type":"page","link":"https:\/\/ggycia.cl\/en\/area-practicas\/","title":{"rendered":"Area Practicas"},"content":{"rendered":"<div data-elementor-type=\"wp-page\" data-elementor-id=\"1209\" class=\"elementor elementor-1209\">\n\t\t\t\t<div class=\"elementor-element elementor-element-72a23d2 e-flex e-con-boxed e-con e-parent\" data-id=\"72a23d2\" data-element_type=\"container\">\n\t\t\t\t\t<div class=\"e-con-inner\">\n\t\t\t\t<div class=\"elementor-element elementor-element-3e64290 elementor-widget elementor-widget-heading\" data-id=\"3e64290\" data-element_type=\"widget\" data-widget_type=\"heading.default\">\n\t\t\t\t<div class=\"elementor-widget-container\">\n\t\t\t\t\t<h2 class=\"elementor-heading-title elementor-size-default\">Practice Areas<\/h2>\t\t\t\t<\/div>\n\t\t\t\t<\/div>\n\t\t\t\t\t<\/div>\n\t\t\t\t<\/div>\n\t\t<div class=\"elementor-element elementor-element-b3bdfb0 e-flex e-con-boxed e-con e-parent\" data-id=\"b3bdfb0\" data-element_type=\"container\">\n\t\t\t\t\t<div class=\"e-con-inner\">\n\t\t<div class=\"elementor-element elementor-element-e102e3b e-con-full e-flex e-con e-child\" data-id=\"e102e3b\" data-element_type=\"container\">\n\t\t\t\t<div class=\"elementor-element elementor-element-0364503 elementor-widget elementor-widget-text-editor\" data-id=\"0364503\" data-element_type=\"widget\" data-widget_type=\"text-editor.default\">\n\t\t\t\t<div class=\"elementor-widget-container\">\n\t\t\t\t\t\t\t\t\t<h5>Foreign Investor Advisory<\/h5>\t\t\t\t\t\t\t\t<\/div>\n\t\t\t\t<\/div>\n\t\t\t\t<div class=\"elementor-element elementor-element-aeedb64 elementor-widget__width-inherit elementor-widget elementor-widget-text-editor\" data-id=\"aeedb64\" data-element_type=\"widget\" data-widget_type=\"text-editor.default\">\n\t\t\t\t<div class=\"elementor-widget-container\">\n\t\t\t\t\t\t\t\t\t<ul><li>Incorporation and representation of companies in Chile<\/li><li>Use of corporate address and registration before tax authorities<\/li><li>Consulting on international investment and expansion<\/li><li>Legal representation for regulatory compliance and administrative procedures<\/li><\/ul>\t\t\t\t\t\t\t\t<\/div>\n\t\t\t\t<\/div>\n\t\t\t\t<\/div>\n\t\t<div class=\"elementor-element elementor-element-d376b30 e-con-full e-flex e-con e-child\" data-id=\"d376b30\" data-element_type=\"container\">\n\t\t\t\t<div class=\"elementor-element elementor-element-8a9d478 elementor-widget elementor-widget-text-editor\" data-id=\"8a9d478\" data-element_type=\"widget\" data-widget_type=\"text-editor.default\">\n\t\t\t\t<div class=\"elementor-widget-container\">\n\t\t\t\t\t\t\t\t\t<h5>High Net Worth, Estates, and Family Planning<\/h5>\t\t\t\t\t\t\t\t<\/div>\n\t\t\t\t<\/div>\n\t\t\t\t<div class=\"elementor-element elementor-element-bfa683e elementor-widget__width-inherit elementor-widget elementor-widget-text-editor\" data-id=\"bfa683e\" data-element_type=\"widget\" data-widget_type=\"text-editor.default\">\n\t\t\t\t<div class=\"elementor-widget-container\">\n\t\t\t\t\t\t\t\t\t<ul><li>Wealth planning and investment structuring<\/li><li>Advisory on inheritance, wills, and donations<\/li><li>Management of family holdings and international assets<\/li><\/ul>\t\t\t\t\t\t\t\t<\/div>\n\t\t\t\t<\/div>\n\t\t\t\t<\/div>\n\t\t<div class=\"elementor-element elementor-element-c8bc1ff e-con-full e-flex e-con e-child\" data-id=\"c8bc1ff\" data-element_type=\"container\">\n\t\t\t\t<div class=\"elementor-element elementor-element-7a5433b elementor-widget elementor-widget-text-editor\" data-id=\"7a5433b\" data-element_type=\"widget\" data-widget_type=\"text-editor.default\">\n\t\t\t\t<div class=\"elementor-widget-container\">\n\t\t\t\t\t\t\t\t\t<h5>Tax \/ Corporate Advisory and Business<\/h5>\t\t\t\t\t\t\t\t<\/div>\n\t\t\t\t<\/div>\n\t\t\t\t<div class=\"elementor-element elementor-element-fd5db5f elementor-widget__width-inherit elementor-widget elementor-widget-text-editor\" data-id=\"fd5db5f\" data-element_type=\"widget\" data-widget_type=\"text-editor.default\">\n\t\t\t\t<div class=\"elementor-widget-container\">\n\t\t\t\t\t\t\t\t\t<ul><li>Corporate tax planning and restructuring<\/li><li>Ongoing advisory on all corporate and tax matters<\/li><li>Tax advice regarding international treaties to prevent double taxation<\/li><li>Tax aspects of mergers, acquisitions, and joint ventures<\/li><li>Tax considerations in real estate law and project management<\/li><li>Tax issues in banking, corporate finance, and securities markets<\/li><li>Tax matters related to insolvency, bankruptcy, and liability restructuring<\/li><\/ul>\t\t\t\t\t\t\t\t<\/div>\n\t\t\t\t<\/div>\n\t\t\t\t<\/div>\n\t\t<div class=\"elementor-element elementor-element-13227e1 e-con-full e-flex e-con e-child\" data-id=\"13227e1\" data-element_type=\"container\">\n\t\t\t\t<div class=\"elementor-element elementor-element-757b427 elementor-widget elementor-widget-text-editor\" data-id=\"757b427\" data-element_type=\"widget\" data-widget_type=\"text-editor.default\">\n\t\t\t\t<div class=\"elementor-widget-container\">\n\t\t\t\t\t\t\t\t\t<h5>Dispute Resolution and Litigation<\/h5>\t\t\t\t\t\t\t\t<\/div>\n\t\t\t\t<\/div>\n\t\t\t\t<div class=\"elementor-element elementor-element-a62ccba elementor-widget__width-inherit elementor-widget elementor-widget-text-editor\" data-id=\"a62ccba\" data-element_type=\"widget\" data-widget_type=\"text-editor.default\">\n\t\t\t\t<div class=\"elementor-widget-container\">\n\t\t\t\t\t\t\t\t\t<ul><li>Advisory on audits and defense before the Chilean Internal Revenue Service (SII) and National Customs Service<\/li><li>Legal representation before Courts of Justice<\/li><\/ul>\t\t\t\t\t\t\t\t<\/div>\n\t\t\t\t<\/div>\n\t\t\t\t<\/div>\n\t\t\t\t\t<\/div>\n\t\t\t\t<\/div>\n\t\t\t\t<\/div>","protected":false},"excerpt":{"rendered":"<p>\u00c1reas de Pr\u00e1ctica Asesor\u00eda al Inversionista Extranjero Constituci\u00f3n y representaci\u00f3n de empresas en Chile. Uso de domicilio corporativo y enrolamiento en organismos fiscales. Consultor\u00eda para inversi\u00f3n y expansi\u00f3n internacional. Representaci\u00f3n legal para tr\u00e1mites y cumplimiento normativo. Altos Patrimonios, Sucesiones y Planificaci\u00f3n Familiar Planificaci\u00f3n patrimonial y estructuraci\u00f3n de inversiones. Asesor\u00eda en sucesiones, testamentos y donaciones. Gesti\u00f3n [&hellip;]<\/p>","protected":false},"author":1,"featured_media":0,"parent":0,"menu_order":0,"comment_status":"closed","ping_status":"closed","template":"elementor_header_footer","meta":{"footnotes":""},"class_list":["post-1209","page","type-page","status-publish","hentry"],"yoast_head":"<!-- This site is optimized with the Yoast SEO Premium plugin v25.8 (Yoast SEO v26.5) - https:\/\/yoast.com\/wordpress\/plugins\/seo\/ -->\n<title>Gallegos y Cia. Abogados - Area Practicas<\/title>\n<meta name=\"description\" content=\"Explora el \u00e1rea de pr\u00e1cticas tributaria y legal en Chile, desde la representaci\u00f3n de empresas hasta la planificaci\u00f3n patrimonial.\" \/>\n<meta name=\"robots\" content=\"index, follow, max-snippet:-1, max-image-preview:large, max-video-preview:-1\" \/>\n<link rel=\"canonical\" href=\"https:\/\/ggycia.cl\/en\/area-practicas\/\" \/>\n<meta property=\"og:locale\" content=\"en_US\" \/>\n<meta property=\"og:type\" content=\"article\" \/>\n<meta property=\"og:title\" content=\"Area Practicas\" \/>\n<meta property=\"og:description\" content=\"Explora el \u00e1rea de pr\u00e1cticas tributaria y legal en Chile, desde la representaci\u00f3n de empresas hasta la planificaci\u00f3n patrimonial.\" \/>\n<meta property=\"og:url\" content=\"https:\/\/ggycia.cl\/en\/area-practicas\/\" \/>\n<meta property=\"article:modified_time\" content=\"2025-10-14T23:12:32+00:00\" \/>\n<meta property=\"og:image\" content=\"https:\/\/ggycia.cl\/wp-content\/uploads\/2025\/10\/screenshot.png\" \/>\n\t<meta property=\"og:image:width\" content=\"1347\" \/>\n\t<meta property=\"og:image:height\" content=\"613\" \/>\n\t<meta property=\"og:image:type\" content=\"image\/png\" \/>\n<meta name=\"twitter:card\" content=\"summary_large_image\" \/>\n<meta name=\"twitter:label1\" content=\"Est. reading time\" \/>\n\t<meta name=\"twitter:data1\" content=\"1 minute\" \/>\n<script type=\"application\/ld+json\" class=\"yoast-schema-graph\">{\"@context\":\"https:\/\/schema.org\",\"@graph\":[{\"@type\":\"WebPage\",\"@id\":\"https:\/\/ggycia.cl\/area-practicas\/\",\"url\":\"https:\/\/ggycia.cl\/area-practicas\/\",\"name\":\"Gallegos y Cia. Abogados - Area Practicas\",\"isPartOf\":{\"@id\":\"https:\/\/ggycia.cl\/#website\"},\"datePublished\":\"2025-08-25T19:50:34+00:00\",\"dateModified\":\"2025-10-14T23:12:32+00:00\",\"description\":\"Explora el \u00e1rea de pr\u00e1cticas tributaria y legal en Chile, desde la representaci\u00f3n de empresas hasta la planificaci\u00f3n patrimonial.\",\"breadcrumb\":{\"@id\":\"https:\/\/ggycia.cl\/area-practicas\/#breadcrumb\"},\"inLanguage\":\"en-US\",\"potentialAction\":[{\"@type\":\"ReadAction\",\"target\":[\"https:\/\/ggycia.cl\/area-practicas\/\"]}]},{\"@type\":\"BreadcrumbList\",\"@id\":\"https:\/\/ggycia.cl\/area-practicas\/#breadcrumb\",\"itemListElement\":[{\"@type\":\"ListItem\",\"position\":1,\"name\":\"Portada\",\"item\":\"https:\/\/ggycia.cl\/\"},{\"@type\":\"ListItem\",\"position\":2,\"name\":\"Area Practicas\"}]},{\"@type\":\"WebSite\",\"@id\":\"https:\/\/ggycia.cl\/#website\",\"url\":\"https:\/\/ggycia.cl\/\",\"name\":\"Gallegos y C\u00eda. Abogados\",\"description\":\"Gallegos y C\u00eda. Abogados\",\"publisher\":{\"@id\":\"https:\/\/ggycia.cl\/#organization\"},\"alternateName\":\"Gallegos & C\u00eda. Abogados\",\"potentialAction\":[{\"@type\":\"SearchAction\",\"target\":{\"@type\":\"EntryPoint\",\"urlTemplate\":\"https:\/\/ggycia.cl\/?s={search_term_string}\"},\"query-input\":{\"@type\":\"PropertyValueSpecification\",\"valueRequired\":true,\"valueName\":\"search_term_string\"}}],\"inLanguage\":\"en-US\"},{\"@type\":\"Organization\",\"@id\":\"https:\/\/ggycia.cl\/#organization\",\"name\":\"Gallegos y C\u00eda. Abogados\",\"alternateName\":\"Gallegos y C\u00eda.\",\"url\":\"https:\/\/ggycia.cl\/\",\"logo\":{\"@type\":\"ImageObject\",\"inLanguage\":\"en-US\",\"@id\":\"https:\/\/ggycia.cl\/#\/schema\/logo\/image\/\",\"url\":\"https:\/\/ggycia.cl\/wp-content\/uploads\/2025\/10\/cropped-ggycia.png\",\"contentUrl\":\"https:\/\/ggycia.cl\/wp-content\/uploads\/2025\/10\/cropped-ggycia.png\",\"width\":512,\"height\":512,\"caption\":\"Gallegos y C\u00eda. Abogados\"},\"image\":{\"@id\":\"https:\/\/ggycia.cl\/#\/schema\/logo\/image\/\"},\"sameAs\":[\"https:\/\/cl.linkedin.com\/company\/gallegos-cia-abogados\"]}]}<\/script>\n<!-- \/ Yoast SEO Premium plugin. -->","yoast_head_json":{"title":"Gallegos y Cia. Abogados - Area Practicas","description":"Explora el \u00e1rea de pr\u00e1cticas tributaria y legal en Chile, desde la representaci\u00f3n de empresas hasta la planificaci\u00f3n patrimonial.","robots":{"index":"index","follow":"follow","max-snippet":"max-snippet:-1","max-image-preview":"max-image-preview:large","max-video-preview":"max-video-preview:-1"},"canonical":"https:\/\/ggycia.cl\/en\/area-practicas\/","og_locale":"en_US","og_type":"article","og_title":"Area Practicas","og_description":"Explora el \u00e1rea de pr\u00e1cticas tributaria y legal en Chile, desde la representaci\u00f3n de empresas hasta la planificaci\u00f3n patrimonial.","og_url":"https:\/\/ggycia.cl\/en\/area-practicas\/","article_modified_time":"2025-10-14T23:12:32+00:00","og_image":[{"width":1347,"height":613,"url":"https:\/\/ggycia.cl\/wp-content\/uploads\/2025\/10\/screenshot.png","type":"image\/png"}],"twitter_card":"summary_large_image","twitter_misc":{"Est. reading time":"1 minute"},"schema":{"@context":"https:\/\/schema.org","@graph":[{"@type":"WebPage","@id":"https:\/\/ggycia.cl\/area-practicas\/","url":"https:\/\/ggycia.cl\/area-practicas\/","name":"Gallegos y Cia. Abogados - Area Practicas","isPartOf":{"@id":"https:\/\/ggycia.cl\/#website"},"datePublished":"2025-08-25T19:50:34+00:00","dateModified":"2025-10-14T23:12:32+00:00","description":"Explora el \u00e1rea de pr\u00e1cticas tributaria y legal en Chile, desde la representaci\u00f3n de empresas hasta la planificaci\u00f3n patrimonial.","breadcrumb":{"@id":"https:\/\/ggycia.cl\/area-practicas\/#breadcrumb"},"inLanguage":"en-US","potentialAction":[{"@type":"ReadAction","target":["https:\/\/ggycia.cl\/area-practicas\/"]}]},{"@type":"BreadcrumbList","@id":"https:\/\/ggycia.cl\/area-practicas\/#breadcrumb","itemListElement":[{"@type":"ListItem","position":1,"name":"Portada","item":"https:\/\/ggycia.cl\/"},{"@type":"ListItem","position":2,"name":"Area Practicas"}]},{"@type":"WebSite","@id":"https:\/\/ggycia.cl\/#website","url":"https:\/\/ggycia.cl\/","name":"Gallegos y C\u00eda. Abogados","description":"Gallegos y C\u00eda. Abogados","publisher":{"@id":"https:\/\/ggycia.cl\/#organization"},"alternateName":"Gallegos & C\u00eda. Abogados","potentialAction":[{"@type":"SearchAction","target":{"@type":"EntryPoint","urlTemplate":"https:\/\/ggycia.cl\/?s={search_term_string}"},"query-input":{"@type":"PropertyValueSpecification","valueRequired":true,"valueName":"search_term_string"}}],"inLanguage":"en-US"},{"@type":"Organization","@id":"https:\/\/ggycia.cl\/#organization","name":"Gallegos y C\u00eda. Abogados","alternateName":"Gallegos y C\u00eda.","url":"https:\/\/ggycia.cl\/","logo":{"@type":"ImageObject","inLanguage":"en-US","@id":"https:\/\/ggycia.cl\/#\/schema\/logo\/image\/","url":"https:\/\/ggycia.cl\/wp-content\/uploads\/2025\/10\/cropped-ggycia.png","contentUrl":"https:\/\/ggycia.cl\/wp-content\/uploads\/2025\/10\/cropped-ggycia.png","width":512,"height":512,"caption":"Gallegos y C\u00eda. Abogados"},"image":{"@id":"https:\/\/ggycia.cl\/#\/schema\/logo\/image\/"},"sameAs":["https:\/\/cl.linkedin.com\/company\/gallegos-cia-abogados"]}]}},"_links":{"self":[{"href":"https:\/\/ggycia.cl\/en\/wp-json\/wp\/v2\/pages\/1209","targetHints":{"allow":["GET"]}}],"collection":[{"href":"https:\/\/ggycia.cl\/en\/wp-json\/wp\/v2\/pages"}],"about":[{"href":"https:\/\/ggycia.cl\/en\/wp-json\/wp\/v2\/types\/page"}],"author":[{"embeddable":true,"href":"https:\/\/ggycia.cl\/en\/wp-json\/wp\/v2\/users\/1"}],"replies":[{"embeddable":true,"href":"https:\/\/ggycia.cl\/en\/wp-json\/wp\/v2\/comments?post=1209"}],"version-history":[{"count":0,"href":"https:\/\/ggycia.cl\/en\/wp-json\/wp\/v2\/pages\/1209\/revisions"}],"wp:attachment":[{"href":"https:\/\/ggycia.cl\/en\/wp-json\/wp\/v2\/media?parent=1209"}],"curies":[{"name":"wp","href":"https:\/\/api.w.org\/{rel}","templated":true}]}}