{"id":10,"date":"2025-04-23T16:45:52","date_gmt":"2025-04-23T16:45:52","guid":{"rendered":"https:\/\/ggycia.cl\/index.php\/about-us\/"},"modified":"2025-10-14T23:04:02","modified_gmt":"2025-10-14T23:04:02","slug":"estudio","status":"publish","type":"page","link":"https:\/\/ggycia.cl\/en\/estudio\/","title":{"rendered":"Our Firm"},"content":{"rendered":"<div data-elementor-type=\"wp-page\" data-elementor-id=\"10\" class=\"elementor elementor-10\">\n\t\t\t\t<div class=\"elementor-element elementor-element-b651723 e-flex e-con-boxed e-con e-parent\" data-id=\"b651723\" data-element_type=\"container\">\n\t\t\t\t\t<div class=\"e-con-inner\">\n\t\t\t\t<div class=\"elementor-element elementor-element-d6b787e elementor-widget elementor-widget-heading\" data-id=\"d6b787e\" data-element_type=\"widget\" data-widget_type=\"heading.default\">\n\t\t\t\t<div class=\"elementor-widget-container\">\n\t\t\t\t\t<h2 class=\"elementor-heading-title elementor-size-default\">Our Firm<\/h2>\t\t\t\t<\/div>\n\t\t\t\t<\/div>\n\t\t\t\t\t<\/div>\n\t\t\t\t<\/div>\n\t\t<div class=\"elementor-element elementor-element-8c8c0c6 e-flex e-con-boxed e-con e-parent\" data-id=\"8c8c0c6\" data-element_type=\"container\">\n\t\t\t\t\t<div class=\"e-con-inner\">\n\t\t<div class=\"elementor-element elementor-element-637ccf3 e-con-full e-flex e-con e-child\" data-id=\"637ccf3\" data-element_type=\"container\">\n\t\t\t\t<div class=\"elementor-element elementor-element-1e94e08 elementor-widget elementor-widget-text-editor\" data-id=\"1e94e08\" data-element_type=\"widget\" data-widget_type=\"text-editor.default\">\n\t\t\t\t<div class=\"elementor-widget-container\">\n\t\t\t\t\t\t\t\t\t<p>Gallegos y C\u00eda. is a modern and efficient firm with solid knowledge in both national and international tax and legal matters. Our team offers creative, comprehensive, and precise solutions. We establish long-lasting relationships with our clients, based on closeness, trust, and personalized advice tailored to the specific needs of each case.<\/p><p>We also provide comprehensive legal advice, assisting our clients in all corporate matters with a commercial focus aligned with their strategic objectives<\/p><p>Similarly, our expertise covers a wide range of transactions: acquisitions of companies and assets, mergers, divisions, reorganizations, and financing processes\u2014through banking, capital markets, or private investors.<\/p>\t\t\t\t\t\t\t\t<\/div>\n\t\t\t\t<\/div>\n\t\t\t\t<\/div>\n\t\t<div class=\"elementor-element elementor-element-877f52d e-con-full e-flex e-con e-child\" data-id=\"877f52d\" data-element_type=\"container\">\n\t\t\t\t<div class=\"elementor-element elementor-element-8e0cff4 elementor-widget elementor-widget-text-editor\" data-id=\"8e0cff4\" data-element_type=\"widget\" data-widget_type=\"text-editor.default\">\n\t\t\t\t<div class=\"elementor-widget-container\">\n\t\t\t\t\t\t\t\t\t<p>We provide special support in matters of <b>tax compliance<\/b>, aware that the growing regulatory complexity demands strategic coordination. This synergy is achieved through the leadership and direct collaboration among the Gallegos y C\u00eda team members.<\/p><p>We also have extensive experience in <b>tax litigation<\/b>complex and high-impact issues, addressing them with a strategic approach oriented towards conflict resolution.<\/p><p>We consistently provide our clients with a cohesive and excellent team, prepared to face each challenge with creativity, efficiency, proactivity, and legal rigor, delivering solid, tailored solutions.<\/p>\t\t\t\t\t\t\t\t<\/div>\n\t\t\t\t<\/div>\n\t\t\t\t<\/div>\n\t\t\t\t\t<\/div>\n\t\t\t\t<\/div>\n\t\t\t\t<\/div>","protected":false},"excerpt":{"rendered":"<p>Estudio Gallegos y C\u00eda. es un estudio moderno y eficiente, con un s\u00f3lido conocimiento en las \u00e1reas tributaria y legal, tanto nacional como internacional. Nuestro equipo ofrece soluciones creativas, integrales y precisas. Establecemos relaciones duraderas con nuestros clientes, basadas en la cercan\u00eda, la confianza y una asesor\u00eda personalizada que se adapta a las necesidades espec\u00edficas [&hellip;]<\/p>","protected":false},"author":1,"featured_media":0,"parent":0,"menu_order":0,"comment_status":"closed","ping_status":"closed","template":"elementor_header_footer","meta":{"footnotes":""},"class_list":["post-10","page","type-page","status-publish","hentry"],"yoast_head":"<!-- This site is optimized with the Yoast SEO Premium plugin v25.8 (Yoast SEO v26.5) - https:\/\/yoast.com\/wordpress\/plugins\/seo\/ -->\n<title>Gallegos y Cia. Abogados - Estudio de Asesoria Tributaria y Legal<\/title>\n<meta name=\"description\" content=\"Gallegos y C\u00eda. Adquisiciones de empresas y activos, fusiones, divisiones, reorganizaciones y procesos de financiamiento en la banca\" \/>\n<meta name=\"robots\" content=\"index, follow, max-snippet:-1, max-image-preview:large, max-video-preview:-1\" \/>\n<link rel=\"canonical\" href=\"https:\/\/ggycia.cl\/en\/estudio\/\" \/>\n<meta property=\"og:locale\" content=\"en_US\" \/>\n<meta property=\"og:type\" content=\"article\" \/>\n<meta property=\"og:title\" content=\"Estudio\" \/>\n<meta property=\"og:description\" content=\"Gallegos y C\u00eda. Adquisiciones de empresas y activos, fusiones, divisiones, reorganizaciones y procesos de financiamiento en la banca\" \/>\n<meta property=\"og:url\" content=\"https:\/\/ggycia.cl\/en\/estudio\/\" \/>\n<meta property=\"article:modified_time\" content=\"2025-10-14T23:04:02+00:00\" \/>\n<meta property=\"og:image\" content=\"https:\/\/ggycia.cl\/wp-content\/uploads\/2025\/10\/screenshot.png\" \/>\n\t<meta property=\"og:image:width\" content=\"1347\" \/>\n\t<meta property=\"og:image:height\" content=\"613\" \/>\n\t<meta property=\"og:image:type\" content=\"image\/png\" \/>\n<meta name=\"twitter:card\" content=\"summary_large_image\" \/>\n<meta name=\"twitter:label1\" content=\"Est. reading time\" \/>\n\t<meta name=\"twitter:data1\" content=\"1 minute\" \/>\n<script type=\"application\/ld+json\" class=\"yoast-schema-graph\">{\"@context\":\"https:\/\/schema.org\",\"@graph\":[{\"@type\":\"WebPage\",\"@id\":\"https:\/\/ggycia.cl\/estudio\/\",\"url\":\"https:\/\/ggycia.cl\/estudio\/\",\"name\":\"Gallegos y Cia. Abogados - Estudio de Asesoria Tributaria y Legal\",\"isPartOf\":{\"@id\":\"https:\/\/ggycia.cl\/#website\"},\"datePublished\":\"2025-04-23T16:45:52+00:00\",\"dateModified\":\"2025-10-14T23:04:02+00:00\",\"description\":\"Gallegos y C\u00eda. Adquisiciones de empresas y activos, fusiones, divisiones, reorganizaciones y procesos de financiamiento en la banca\",\"breadcrumb\":{\"@id\":\"https:\/\/ggycia.cl\/estudio\/#breadcrumb\"},\"inLanguage\":\"en-US\",\"potentialAction\":[{\"@type\":\"ReadAction\",\"target\":[\"https:\/\/ggycia.cl\/estudio\/\"]}]},{\"@type\":\"BreadcrumbList\",\"@id\":\"https:\/\/ggycia.cl\/estudio\/#breadcrumb\",\"itemListElement\":[{\"@type\":\"ListItem\",\"position\":1,\"name\":\"Portada\",\"item\":\"https:\/\/ggycia.cl\/\"},{\"@type\":\"ListItem\",\"position\":2,\"name\":\"Estudio\"}]},{\"@type\":\"WebSite\",\"@id\":\"https:\/\/ggycia.cl\/#website\",\"url\":\"https:\/\/ggycia.cl\/\",\"name\":\"Gallegos y C\u00eda. Abogados\",\"description\":\"Gallegos y C\u00eda. Abogados\",\"publisher\":{\"@id\":\"https:\/\/ggycia.cl\/#organization\"},\"alternateName\":\"Gallegos & C\u00eda. Abogados\",\"potentialAction\":[{\"@type\":\"SearchAction\",\"target\":{\"@type\":\"EntryPoint\",\"urlTemplate\":\"https:\/\/ggycia.cl\/?s={search_term_string}\"},\"query-input\":{\"@type\":\"PropertyValueSpecification\",\"valueRequired\":true,\"valueName\":\"search_term_string\"}}],\"inLanguage\":\"en-US\"},{\"@type\":\"Organization\",\"@id\":\"https:\/\/ggycia.cl\/#organization\",\"name\":\"Gallegos y C\u00eda. Abogados\",\"alternateName\":\"Gallegos y C\u00eda.\",\"url\":\"https:\/\/ggycia.cl\/\",\"logo\":{\"@type\":\"ImageObject\",\"inLanguage\":\"en-US\",\"@id\":\"https:\/\/ggycia.cl\/#\/schema\/logo\/image\/\",\"url\":\"https:\/\/ggycia.cl\/wp-content\/uploads\/2025\/10\/cropped-ggycia.png\",\"contentUrl\":\"https:\/\/ggycia.cl\/wp-content\/uploads\/2025\/10\/cropped-ggycia.png\",\"width\":512,\"height\":512,\"caption\":\"Gallegos y C\u00eda. Abogados\"},\"image\":{\"@id\":\"https:\/\/ggycia.cl\/#\/schema\/logo\/image\/\"},\"sameAs\":[\"https:\/\/cl.linkedin.com\/company\/gallegos-cia-abogados\"]}]}<\/script>\n<!-- \/ Yoast SEO Premium plugin. -->","yoast_head_json":{"title":"Gallegos y Cia. Abogados - Estudio de Asesoria Tributaria y Legal","description":"Gallegos y C\u00eda. Adquisiciones de empresas y activos, fusiones, divisiones, reorganizaciones y procesos de financiamiento en la banca","robots":{"index":"index","follow":"follow","max-snippet":"max-snippet:-1","max-image-preview":"max-image-preview:large","max-video-preview":"max-video-preview:-1"},"canonical":"https:\/\/ggycia.cl\/en\/estudio\/","og_locale":"en_US","og_type":"article","og_title":"Estudio","og_description":"Gallegos y C\u00eda. Adquisiciones de empresas y activos, fusiones, divisiones, reorganizaciones y procesos de financiamiento en la banca","og_url":"https:\/\/ggycia.cl\/en\/estudio\/","article_modified_time":"2025-10-14T23:04:02+00:00","og_image":[{"width":1347,"height":613,"url":"https:\/\/ggycia.cl\/wp-content\/uploads\/2025\/10\/screenshot.png","type":"image\/png"}],"twitter_card":"summary_large_image","twitter_misc":{"Est. reading time":"1 minute"},"schema":{"@context":"https:\/\/schema.org","@graph":[{"@type":"WebPage","@id":"https:\/\/ggycia.cl\/estudio\/","url":"https:\/\/ggycia.cl\/estudio\/","name":"Gallegos y Cia. Abogados - Estudio de Asesoria Tributaria y Legal","isPartOf":{"@id":"https:\/\/ggycia.cl\/#website"},"datePublished":"2025-04-23T16:45:52+00:00","dateModified":"2025-10-14T23:04:02+00:00","description":"Gallegos y C\u00eda. Adquisiciones de empresas y activos, fusiones, divisiones, reorganizaciones y procesos de financiamiento en la banca","breadcrumb":{"@id":"https:\/\/ggycia.cl\/estudio\/#breadcrumb"},"inLanguage":"en-US","potentialAction":[{"@type":"ReadAction","target":["https:\/\/ggycia.cl\/estudio\/"]}]},{"@type":"BreadcrumbList","@id":"https:\/\/ggycia.cl\/estudio\/#breadcrumb","itemListElement":[{"@type":"ListItem","position":1,"name":"Portada","item":"https:\/\/ggycia.cl\/"},{"@type":"ListItem","position":2,"name":"Estudio"}]},{"@type":"WebSite","@id":"https:\/\/ggycia.cl\/#website","url":"https:\/\/ggycia.cl\/","name":"Gallegos y C\u00eda. Abogados","description":"Gallegos y C\u00eda. Abogados","publisher":{"@id":"https:\/\/ggycia.cl\/#organization"},"alternateName":"Gallegos & C\u00eda. Abogados","potentialAction":[{"@type":"SearchAction","target":{"@type":"EntryPoint","urlTemplate":"https:\/\/ggycia.cl\/?s={search_term_string}"},"query-input":{"@type":"PropertyValueSpecification","valueRequired":true,"valueName":"search_term_string"}}],"inLanguage":"en-US"},{"@type":"Organization","@id":"https:\/\/ggycia.cl\/#organization","name":"Gallegos y C\u00eda. Abogados","alternateName":"Gallegos y C\u00eda.","url":"https:\/\/ggycia.cl\/","logo":{"@type":"ImageObject","inLanguage":"en-US","@id":"https:\/\/ggycia.cl\/#\/schema\/logo\/image\/","url":"https:\/\/ggycia.cl\/wp-content\/uploads\/2025\/10\/cropped-ggycia.png","contentUrl":"https:\/\/ggycia.cl\/wp-content\/uploads\/2025\/10\/cropped-ggycia.png","width":512,"height":512,"caption":"Gallegos y C\u00eda. Abogados"},"image":{"@id":"https:\/\/ggycia.cl\/#\/schema\/logo\/image\/"},"sameAs":["https:\/\/cl.linkedin.com\/company\/gallegos-cia-abogados"]}]}},"_links":{"self":[{"href":"https:\/\/ggycia.cl\/en\/wp-json\/wp\/v2\/pages\/10","targetHints":{"allow":["GET"]}}],"collection":[{"href":"https:\/\/ggycia.cl\/en\/wp-json\/wp\/v2\/pages"}],"about":[{"href":"https:\/\/ggycia.cl\/en\/wp-json\/wp\/v2\/types\/page"}],"author":[{"embeddable":true,"href":"https:\/\/ggycia.cl\/en\/wp-json\/wp\/v2\/users\/1"}],"replies":[{"embeddable":true,"href":"https:\/\/ggycia.cl\/en\/wp-json\/wp\/v2\/comments?post=10"}],"version-history":[{"count":0,"href":"https:\/\/ggycia.cl\/en\/wp-json\/wp\/v2\/pages\/10\/revisions"}],"wp:attachment":[{"href":"https:\/\/ggycia.cl\/en\/wp-json\/wp\/v2\/media?parent=10"}],"curies":[{"name":"wp","href":"https:\/\/api.w.org\/{rel}","templated":true}]}}